{"id":197,"date":"2017-08-14T15:32:11","date_gmt":"2017-08-14T18:32:11","guid":{"rendered":"https:\/\/www.multipetalimentos.com.br\/?page_id=197"},"modified":"2018-11-09T16:46:41","modified_gmt":"2018-11-09T18:46:41","slug":"fale-conosco","status":"publish","type":"page","link":"https:\/\/www.multipetalimentos.com.br\/pt_br\/contato\/fale-conosco\/","title":{"rendered":"Fale Conosco"},"content":{"rendered":"<div class=\"wpb-content-wrapper\"><div class=\"vc_row wpb_row vc_row-fluid vc_custom_1541788766414\"><div class=\"wpb_column vc_column_container vc_col-sm-6\"><div class=\"vc_column-inner\"><div class=\"wpb_wrapper\"><div id=\"ultimate-heading-960069fc56adaa1ac\" class=\"uvc-heading ult-adjust-bottom-margin ultimate-heading-960069fc56adaa1ac uvc-9950 \" data-hspacer=\"no_spacer\"  data-halign=\"left\" style=\"text-align:left\"><div class=\"uvc-heading-spacer no_spacer\" style=\"top\"><\/div><div class=\"uvc-main-heading ult-responsive\"  data-ultimate-target='.uvc-heading.ultimate-heading-960069fc56adaa1ac h2'  data-responsive-json-new='{\"font-size\":\"desktop:36px;\",\"line-height\":\"\"}' ><h2 style=\"font-family:&#039;Source Sans Pro&#039;;font-weight:700;margin-bottom:30px;\">Tem alguma d\u00favida, sugest\u00e3o ou cr\u00edtica? Estamos aqui para te ouvir.<\/h2><\/div><div class=\"uvc-sub-heading ult-responsive\"  data-ultimate-target='.uvc-heading.ultimate-heading-960069fc56adaa1ac .uvc-sub-heading '  data-responsive-json-new='{\"font-size\":\"desktop:16px;\",\"line-height\":\"desktop:26px;\"}'  style=\"font-weight:normal;\">A opini\u00e3o de nossos clientes, distribuidores, representantes e todos que se relacionam com a Multipet \u00e9 muito importante. Por isso, se voc\u00ea quiser comentar algo sobre nossos produtos este \u00e9 o canal perfeito.<\/p>\n<p>Aqui o seu e-mail ser\u00e1 recebido diretamente pelo nosso setor de atendimento, agilizando a resposta ao seu pedido.<\/p>\n<p>Fique \u00e0 vontade para conversar com a gente.<\/div><\/div><\/div><\/div><\/div><div class=\"wpb_animate_when_almost_visible wpb_slideInRight slideInRight wpb_column vc_column_container vc_col-sm-6\"><div class=\"vc_column-inner\"><div class=\"wpb_wrapper\">\n<div class=\"wpcf7 no-js\" id=\"wpcf7-f841-o1\" lang=\"pt-BR\" dir=\"ltr\" data-wpcf7-id=\"841\">\n<div class=\"screen-reader-response\"><p role=\"status\" aria-live=\"polite\" aria-atomic=\"true\"><\/p> <ul><\/ul><\/div>\n<form action=\"\/pt_br\/wp-json\/wp\/v2\/pages\/197#wpcf7-f841-o1\" method=\"post\" class=\"wpcf7-form init cf7-style\" aria-label=\"Formul\u00e1rios de contato\" novalidate=\"novalidate\" data-status=\"init\">\n<fieldset class=\"hidden-fields-container\"><input type=\"hidden\" name=\"_wpcf7\" value=\"841\" \/><input type=\"hidden\" name=\"_wpcf7_version\" value=\"6.1.5\" \/><input type=\"hidden\" name=\"_wpcf7_locale\" value=\"pt_BR\" \/><input type=\"hidden\" name=\"_wpcf7_unit_tag\" value=\"wpcf7-f841-o1\" \/><input type=\"hidden\" name=\"_wpcf7_container_post\" value=\"0\" \/><input type=\"hidden\" name=\"_wpcf7_posted_data_hash\" value=\"\" \/><input type=\"hidden\" name=\"_wpcf7_recaptcha_response\" value=\"\" \/>\n<\/fieldset>\n<p><span class=\"wpcf7-form-control-wrap\" data-name=\"your-name\"><input size=\"40\" maxlength=\"400\" class=\"wpcf7-form-control wpcf7-text wpcf7-validates-as-required\" aria-required=\"true\" aria-invalid=\"false\" placeholder=\"Seu nome (obrigat\u00f3rio)\" value=\"\" type=\"text\" name=\"your-name\" \/><\/span>\n<\/p>\n<p><span class=\"wpcf7-form-control-wrap\" data-name=\"your-email\"><input size=\"40\" maxlength=\"400\" class=\"wpcf7-form-control wpcf7-email wpcf7-validates-as-required wpcf7-text wpcf7-validates-as-email\" aria-required=\"true\" aria-invalid=\"false\" placeholder=\"Seu e-mail (obrigat\u00f3rio)\" value=\"\" type=\"email\" name=\"your-email\" \/><\/span>\n<\/p>\n<p><span class=\"wpcf7-form-control-wrap\" data-name=\"telefone\"><input size=\"40\" maxlength=\"400\" class=\"wpcf7-form-control wpcf7-tel wpcf7-validates-as-required wpcf7-text wpcf7-validates-as-tel\" aria-required=\"true\" aria-invalid=\"false\" placeholder=\"N\u00e3o esque\u00e7a do DDD\" value=\"\" type=\"tel\" name=\"telefone\" \/><\/span>\n<\/p>\n<p><span class=\"wpcf7-form-control-wrap\" data-name=\"your-subject\"><input size=\"40\" maxlength=\"400\" class=\"wpcf7-form-control wpcf7-text wpcf7-validates-as-required\" aria-required=\"true\" aria-invalid=\"false\" placeholder=\"Assunto (obrigat\u00f3rio)\" value=\"\" type=\"text\" name=\"your-subject\" \/><\/span>\n<\/p>\n<p><span class=\"wpcf7-form-control-wrap\" data-name=\"your-message\"><textarea cols=\"40\" rows=\"10\" maxlength=\"1000\" class=\"wpcf7-form-control wpcf7-textarea wpcf7-validates-as-required\" aria-required=\"true\" aria-invalid=\"false\" placeholder=\"Sua mensagem (no m\u00e1ximo 1000 caracteres)\" name=\"your-message\"><\/textarea><\/span>\n<\/p>\n<div align=\"right\">\n\t<p><input class=\"wpcf7-form-control wpcf7-submit has-spinner\" type=\"submit\" value=\"Enviar\" \/>\n\t<\/p>\n<\/div><p style=\"display: none !important;\" class=\"akismet-fields-container\" data-prefix=\"_wpcf7_ak_\"><label>&#916;<textarea name=\"_wpcf7_ak_hp_textarea\" cols=\"45\" rows=\"8\" maxlength=\"100\"><\/textarea><\/label><input type=\"hidden\" id=\"ak_js_1\" name=\"_wpcf7_ak_js\" value=\"60\"\/><script>\ndocument.getElementById( \"ak_js_1\" ).setAttribute( \"value\", ( new Date() ).getTime() );\n<\/script>\n<\/p><div class=\"wpcf7-response-output\" aria-hidden=\"true\"><\/div>\n<\/form>\n<\/div>\n<\/div><\/div><\/div><\/div><div class=\"vc_row wpb_row vc_row-fluid dt-default\" style=\"margin-top: 70px;margin-bottom: 0px\"><div class=\"wpb_column vc_column_container vc_col-sm-5 vc_hidden-sm vc_hidden-xs\"><div class=\"vc_column-inner vc_custom_1503020345323\"><div class=\"wpb_wrapper\">\n\t<div class=\"wpb_raw_code wpb_content_element wpb_raw_html vc_custom_1541736761299\" >\n\t\t<div class=\"wpb_wrapper\">\n\t\t\t<p style=\"text-align: left;\"><iframe loading=\"lazy\" style=\"border: none; overflow: hidden;\" src=\"https:\/\/www.facebook.com\/plugins\/page.php?href=https%3A%2F%2Fwww.facebook.com%2Fmultipetalimentos&amp;tabs&amp;width=450&amp;height=214&amp;small_header=false&amp;adapt_container_width=true&amp;hide_cover=false&amp;show_facepile=true&amp;appId\" width=\"450\" height=\"180\" frameborder=\"0\" scrolling=\"no\"><\/iframe><\/p>\n\t\t<\/div>\n\t<\/div>\n<\/div><\/div><\/div><div class=\"wpb_column vc_column_container vc_col-sm-2\"><div class=\"vc_column-inner\"><div class=\"wpb_wrapper\"><div  class=\"vc_wp_text wpb_content_element\"><div class=\"widget widget_text\">\t\t\t<div class=\"textwidget\"><\/p>\n<p style=\"text-align: left;\"><a href=\"https:\/\/www.multipetalimentos.com.br\"><img loading=\"lazy\" decoding=\"async\" class=\"aligncenter\" src=\"https:\/\/www.multipetalimentos.com.br\/wp-content\/uploads\/2017\/08\/logo_multipet-05-05.svg\" width=\"130\" height=\"200\" \/><\/a><\/p>\n<p>\n<\/div>\n\t\t<\/div><\/div><\/div><\/div><\/div><div class=\"wpb_column vc_column_container vc_col-sm-5\"><div class=\"vc_column-inner\"><div class=\"wpb_wrapper\"><div class=\"vc_row wpb_row vc_inner vc_row-fluid vc_custom_1503072326905\"><div class=\"wpb_column vc_column_container vc_col-sm-4\"><div class=\"vc_column-inner\"><div class=\"wpb_wrapper\">\n\t<div  class=\"wpb_single_image wpb_content_element vc_align_center\">\n\t\t\n\t\t<figure class=\"wpb_wrapper vc_figure\">\n\t\t\t<a href=\"https:\/\/www.multipetalimentos.com.br\/produtos\/feroz\/\" target=\"_self\"  class=\"vc_single_image-wrapper   vc_box_border_grey layzr-bg\"  data-pretty-share=\"twitter,pinterest,linkedin,whatsapp\"  ><img decoding=\"async\" class=\"lazy-load vc_single_image-img \" src=\"data:image\/svg+xml;charset=utf-8,%3Csvg xmlns%3D'http%3A%2F%2Fwww.w3.org%2F2000%2Fsvg' viewBox%3D'0 0 100 38'%2F%3E\" data-src=\"https:\/\/www.multipetalimentos.com.br\/wp-content\/uploads\/2018\/11\/logo-feroz-premium-100x38.png\" width=\"100\" height=\"38\" alt=\"logo-feroz-premium\" title=\"logo-feroz-premium\" loading=\"lazy\"  data-dt-location=\"https:\/\/www.multipetalimentos.com.br\/pt_br\/home\/logo-feroz-premium\/\" \/><\/a>\n\t\t<\/figure>\n\t<\/div>\n<\/div><\/div><\/div><div class=\"wpb_column vc_column_container vc_col-sm-4\"><div class=\"vc_column-inner\"><div class=\"wpb_wrapper\">\n\t<div  class=\"wpb_single_image wpb_content_element vc_align_center\">\n\t\t\n\t\t<figure class=\"wpb_wrapper vc_figure\">\n\t\t\t<a href=\"https:\/\/www.multipetalimentos.com.br\/produtos\/stark\/\" target=\"_self\"  class=\"vc_single_image-wrapper   vc_box_border_grey layzr-bg\"  data-pretty-share=\"twitter,pinterest,linkedin,whatsapp\"  ><img decoding=\"async\" class=\"lazy-load vc_single_image-img \" src=\"data:image\/svg+xml;charset=utf-8,%3Csvg xmlns%3D'http%3A%2F%2Fwww.w3.org%2F2000%2Fsvg' viewBox%3D'0 0 100 50'%2F%3E\" data-src=\"https:\/\/www.multipetalimentos.com.br\/wp-content\/uploads\/2018\/11\/logo-stark-pb-100x50.png\" width=\"100\" height=\"50\" alt=\"logo-stark-pb\" title=\"logo-stark-pb\" loading=\"lazy\"  data-dt-location=\"https:\/\/www.multipetalimentos.com.br\/pt_br\/home\/logo-stark-pb\/\" \/><\/a>\n\t\t<\/figure>\n\t<\/div>\n<\/div><\/div><\/div><div class=\"wpb_column vc_column_container vc_col-sm-4\"><div class=\"vc_column-inner\"><div class=\"wpb_wrapper\">\n\t<div  class=\"wpb_single_image wpb_content_element vc_align_center\">\n\t\t\n\t\t<figure class=\"wpb_wrapper vc_figure\">\n\t\t\t<a href=\"https:\/\/www.multipetalimentos.com.br\/produtos\/laleka\/\" target=\"_self\"  class=\"vc_single_image-wrapper   vc_box_border_grey layzr-bg\"  data-pretty-share=\"twitter,pinterest,linkedin,whatsapp\"  ><img decoding=\"async\" class=\"lazy-load vc_single_image-img \" src=\"data:image\/svg+xml;charset=utf-8,%3Csvg xmlns%3D'http%3A%2F%2Fwww.w3.org%2F2000%2Fsvg' viewBox%3D'0 0 100 49'%2F%3E\" data-src=\"https:\/\/www.multipetalimentos.com.br\/wp-content\/uploads\/2017\/08\/Logo-Laleka-pb-100x49.png\" width=\"100\" height=\"49\" alt=\"Logo-Laleka-pb\" title=\"Logo-Laleka-pb\" loading=\"lazy\"  data-dt-location=\"https:\/\/www.multipetalimentos.com.br\/pt_br\/produtos\/feroz\/feroz-premium-original\/logo-laleka-pb\/\" \/><\/a>\n\t\t<\/figure>\n\t<\/div>\n<\/div><\/div><\/div><\/div><\/div><\/div><\/div><\/div>\n<\/div>","protected":false},"excerpt":{"rendered":"<p>Tem alguma d\u00favida, sugest\u00e3o ou cr\u00edtica? Estamos aqui para te ouvir.A opini\u00e3o de nossos clientes, distribuidores, representantes e todos que se relacionam com a Multipet \u00e9 muito importante. Por isso, se voc\u00ea quiser comentar algo sobre nossos produtos este \u00e9 o canal perfeito. Aqui o seu e-mail ser\u00e1 recebido diretamente pelo nosso setor de atendimento,&hellip;<\/p>\n","protected":false},"author":1,"featured_media":0,"parent":17,"menu_order":0,"comment_status":"closed","ping_status":"closed","template":"","meta":{"footnotes":""},"class_list":["post-197","page","type-page","status-publish","hentry","description-off"],"_links":{"self":[{"href":"https:\/\/www.multipetalimentos.com.br\/pt_br\/wp-json\/wp\/v2\/pages\/197","targetHints":{"allow":["GET"]}}],"collection":[{"href":"https:\/\/www.multipetalimentos.com.br\/pt_br\/wp-json\/wp\/v2\/pages"}],"about":[{"href":"https:\/\/www.multipetalimentos.com.br\/pt_br\/wp-json\/wp\/v2\/types\/page"}],"author":[{"embeddable":true,"href":"https:\/\/www.multipetalimentos.com.br\/pt_br\/wp-json\/wp\/v2\/users\/1"}],"replies":[{"embeddable":true,"href":"https:\/\/www.multipetalimentos.com.br\/pt_br\/wp-json\/wp\/v2\/comments?post=197"}],"version-history":[{"count":0,"href":"https:\/\/www.multipetalimentos.com.br\/pt_br\/wp-json\/wp\/v2\/pages\/197\/revisions"}],"up":[{"embeddable":true,"href":"https:\/\/www.multipetalimentos.com.br\/pt_br\/wp-json\/wp\/v2\/pages\/17"}],"wp:attachment":[{"href":"https:\/\/www.multipetalimentos.com.br\/pt_br\/wp-json\/wp\/v2\/media?parent=197"}],"curies":[{"name":"wp","href":"https:\/\/api.w.org\/{rel}","templated":true}]}}