{"id":707,"date":"2018-11-09T04:17:10","date_gmt":"2018-11-09T06:17:10","guid":{"rendered":"https:\/\/www.multipetalimentos.com.br\/?page_id=707"},"modified":"2026-03-27T11:41:05","modified_gmt":"2026-03-27T14:41:05","slug":"laleka-adulto","status":"publish","type":"page","link":"https:\/\/www.multipetalimentos.com.br\/es\/produtos\/laleka\/laleka-adulto\/","title":{"rendered":"Laleka Adulto"},"content":{"rendered":"<div class=\"wpb-content-wrapper\"><div class=\"vc_row wpb_row vc_row-fluid vc_custom_1503079801752\"><div class=\"wpb_column vc_column_container vc_col-sm-6\"><div class=\"vc_column-inner\"><div class=\"wpb_wrapper\"><div id=\"ultimate-heading-618269fc712b8c899\" class=\"uvc-heading ult-adjust-bottom-margin ultimate-heading-618269fc712b8c899 uvc-1673 \" data-hspacer=\"no_spacer\"  data-halign=\"left\" style=\"text-align:left\"><div class=\"uvc-heading-spacer no_spacer\" style=\"top\"><\/div><div class=\"uvc-main-heading ult-responsive\"  data-ultimate-target='.uvc-heading.ultimate-heading-618269fc712b8c899 h2'  data-responsive-json-new='{\"font-size\":\"desktop:36px;\",\"line-height\":\"\"}' ><h2 style=\"font-family:&#039;Source Sans Pro&#039;;font-weight:700;margin-bottom:30px;\">Laleka Adulto<\/h2><\/div><div class=\"uvc-sub-heading ult-responsive\"  data-ultimate-target='.uvc-heading.ultimate-heading-618269fc712b8c899 .uvc-sub-heading '  data-responsive-json-new='{\"font-size\":\"desktop:16px;\",\"line-height\":\"desktop:26px;\"}'  style=\"font-weight:normal;\">Laleka Adulto \u00e9 um alimento 100% completo e balanceado com vitaminas e sais minerais que atuam no sistema imunol\u00f3gico garantindo uma vida saud\u00e1vel. Atende a todas as exig\u00eancias nutricionais de c\u00e3es adultos.<\/div><\/div><div class=\"vc_row wpb_row vc_inner vc_row-fluid vc_custom_1503079239866\"><div class=\"wpb_column vc_column_container vc_col-sm-2 vc_col-lg-offset-0\"><div class=\"vc_column-inner\"><div class=\"wpb_wrapper\"><div class=\"ult-just-icon-wrapper  \"><div class=\"align-icon\" style=\"text-align:left;\">\n<div class=\"aio-icon none \"  style=\"color:#3580c4;font-size:70px;\">\n\t<i class=\"multipet2018-completo3\"><\/i>\n<\/div><\/div><\/div><\/div><\/div><\/div><div class=\"wpb_column vc_column_container vc_col-sm-10 vc_col-lg-offset-0\"><div class=\"vc_column-inner vc_custom_1503079134899\"><div class=\"wpb_wrapper\"><div id=\"ultimate-heading-255569fc712b8d5cc\" class=\"uvc-heading ult-adjust-bottom-margin ultimate-heading-255569fc712b8d5cc uvc-7182 \" data-hspacer=\"no_spacer\"  data-halign=\"left\" style=\"text-align:left\"><div class=\"uvc-heading-spacer no_spacer\" style=\"top\"><\/div><div class=\"uvc-main-heading ult-responsive\"  data-ultimate-target='.uvc-heading.ultimate-heading-255569fc712b8d5cc h2'  data-responsive-json-new='{\"font-size\":\"desktop:26px;\",\"line-height\":\"\"}' ><h2 style=\"font-family:&#039;Source Sans Pro&#039;;font-weight:300;margin-bottom:10px;\">Completo para C\u00e3es Adultos<\/h2><\/div><\/div><\/div><\/div><\/div><\/div><div class=\"vc_row wpb_row vc_inner vc_row-fluid vc_custom_1503000421251\"><div class=\"wpb_column vc_column_container vc_col-sm-2\"><div class=\"vc_column-inner\"><div class=\"wpb_wrapper\"><div class=\"ult-just-icon-wrapper   vc_custom_1541744154920\"><div class=\"align-icon\" style=\"text-align:left;\">\n<div class=\"aio-icon none \"  style=\"color:#3580c4;font-size:70px;\">\n\t<i class=\"multipet2018-altaenergia1\"><\/i>\n<\/div><\/div><\/div><\/div><\/div><\/div><div class=\"wpb_column vc_column_container vc_col-sm-10\"><div class=\"vc_column-inner vc_custom_1503000220995\"><div class=\"wpb_wrapper\"><div id=\"ultimate-heading-502069fc712b8dccf\" class=\"uvc-heading ult-adjust-bottom-margin ultimate-heading-502069fc712b8dccf uvc-327 \" data-hspacer=\"no_spacer\"  data-halign=\"left\" style=\"text-align:left\"><div class=\"uvc-heading-spacer no_spacer\" style=\"top\"><\/div><div class=\"uvc-main-heading ult-responsive\"  data-ultimate-target='.uvc-heading.ultimate-heading-502069fc712b8dccf h2'  data-responsive-json-new='{\"font-size\":\"desktop:26px;\",\"line-height\":\"\"}' ><h2 style=\"font-family:&#039;Source Sans Pro&#039;;font-weight:300;margin-bottom:10px;\">Alta energia<\/h2><\/div><\/div><\/div><\/div><\/div><\/div><div class=\"vc_row wpb_row vc_inner vc_row-fluid vc_custom_1503000421251\"><div class=\"wpb_column vc_column_container vc_col-sm-2\"><div class=\"vc_column-inner\"><div class=\"wpb_wrapper\"><div class=\"ult-just-icon-wrapper   vc_custom_1541744200017\"><div class=\"align-icon\" style=\"text-align:left;\">\n<div class=\"aio-icon none \"  style=\"color:#3580c4;font-size:70px;\">\n\t<i class=\"multipet2018-vitaminasesais1\"><\/i>\n<\/div><\/div><\/div><\/div><\/div><\/div><div class=\"wpb_column vc_column_container vc_col-sm-10\"><div class=\"vc_column-inner vc_custom_1503000220995\"><div class=\"wpb_wrapper\"><div id=\"ultimate-heading-103469fc712b8e3b3\" class=\"uvc-heading ult-adjust-bottom-margin ultimate-heading-103469fc712b8e3b3 uvc-4328 \" data-hspacer=\"no_spacer\"  data-halign=\"left\" style=\"text-align:left\"><div class=\"uvc-heading-spacer no_spacer\" style=\"top\"><\/div><div class=\"uvc-main-heading ult-responsive\"  data-ultimate-target='.uvc-heading.ultimate-heading-103469fc712b8e3b3 h2'  data-responsive-json-new='{\"font-size\":\"desktop:26px;\",\"line-height\":\"\"}' ><h2 style=\"font-family:&#039;Source Sans Pro&#039;;font-weight:300;margin-bottom:10px;\">Vitaminas e Sais Minerais<\/h2><\/div><\/div><\/div><\/div><\/div><\/div><\/div><\/div><\/div><div class=\"wpb_column vc_column_container vc_col-sm-6\"><div class=\"vc_column-inner\"><div class=\"wpb_wrapper\">\n\t<div  class=\"wpb_single_image wpb_content_element vc_align_right  wpb_animate_when_almost_visible wpb_fadeIn fadeIn\">\n\t\t\n\t\t<figure class=\"wpb_wrapper vc_figure\">\n\t\t\t<a href=\"https:\/\/www.multipetalimentos.com.br\/wp-content\/uploads\/2026\/03\/MOCKUP-LALEKA-ADULTO25.png\" target=\"_self\" data-large_image_width=\"850\" data-large_image_height=\"850\"  class=\"vc_single_image-wrapper   vc_box_border_grey dt-pswp-item\"  data-pretty-share=\"twitter,pinterest,linkedin,whatsapp\"  ><img decoding=\"async\" class=\"vc_single_image-img \" src=\"https:\/\/www.multipetalimentos.com.br\/wp-content\/uploads\/2026\/03\/MOCKUP-LALEKA-ADULTO25-500x500.png\" width=\"500\" height=\"500\" alt=\"MOCKUP LALEKA ADULTO25\" title=\"MOCKUP LALEKA ADULTO25\" loading=\"lazy\"  data-dt-location=\"https:\/\/www.multipetalimentos.com.br\/es\/produtos\/laleka\/laleka-adulto\/mockup-laleka-adulto25\/\" \/><\/a>\n\t\t<\/figure>\n\t<\/div>\n<\/div><\/div><\/div><\/div><div class=\"vc_row wpb_row vc_row-fluid vc_custom_1503004571289\"><div class=\"wpb_column vc_column_container vc_col-sm-12\"><div class=\"vc_column-inner\"><div class=\"wpb_wrapper\"><div class=\"vc_tta-container\" data-vc-action=\"collapse\"><div class=\"vc_general vc_tta vc_tta-accordion vc_tta-color-grey vc_tta-style-flat vc_tta-shape-rounded vc_tta-o-shape-group vc_tta-controls-align-left vc_tta-o-no-fill vc_custom_1503005308176 wpb_animate_when_almost_visible wpb_fadeIn fadeIn\"><div class=\"vc_tta-panels-container\"><div class=\"vc_tta-panels\"><div class=\"vc_tta-panel vc_active\" id=\"1503003955282-d13b05c2-97a2\" data-vc-content=\".vc_tta-panel-body\"><div class=\"vc_tta-panel-heading\"><h4 class=\"vc_tta-panel-title vc_tta-controls-icon-position-left\"><a href=\"#1503003955282-d13b05c2-97a2\" data-vc-accordion data-vc-container=\".vc_tta-container\"><span class=\"vc_tta-title-text\">N\u00edveis de Garantia<\/span><i class=\"vc_tta-controls-icon vc_tta-controls-icon-plus\"><\/i><\/a><\/h4><\/div><div class=\"vc_tta-panel-body\"><div id=\"ultimate-heading-731769fc712b90ff2\" class=\"uvc-heading ult-adjust-bottom-margin ultimate-heading-731769fc712b90ff2 uvc-8631 \" data-hspacer=\"no_spacer\"  data-halign=\"left\" style=\"text-align:left\"><div class=\"uvc-heading-spacer no_spacer\" style=\"top\"><\/div><div class=\"uvc-sub-heading ult-responsive\"  data-ultimate-target='.uvc-heading.ultimate-heading-731769fc712b90ff2 .uvc-sub-heading '  data-responsive-json-new='{\"font-size\":\"desktop:16px;\",\"line-height\":\"\"}'  style=\"font-weight:normal;\"><\/p>\n<table>\n<tbody>\n<tr>\n<td width=\"206\">Prote\u00edna Bruta (m\u00edn.)<\/td>\n<td width=\"103\">\n<p style=\"text-align: right;\">180 g\/kg<\/p>\n<\/td>\n<td width=\"66\">\n<p style=\"text-align: right;\">18,00%<\/p>\n<\/td>\n<\/tr>\n<tr>\n<td width=\"206\">Extrato Et\u00e9reo (m\u00edn.)<\/td>\n<td width=\"103\">\n<p style=\"text-align: right;\">70 g\/kg<\/p>\n<\/td>\n<td width=\"66\">\n<p style=\"text-align: right;\">7,00%<\/p>\n<\/td>\n<\/tr>\n<tr>\n<td width=\"206\">Mat\u00e9ria Fibrosa (m\u00e1x.)<\/td>\n<td width=\"103\">\n<p style=\"text-align: right;\">60 g\/kg<\/p>\n<\/td>\n<td width=\"66\">\n<p style=\"text-align: right;\">6,00%<\/p>\n<\/td>\n<\/tr>\n<tr>\n<td width=\"206\">Mat\u00e9ria Mineral (m\u00e1x.)<\/td>\n<td width=\"103\">\n<p style=\"text-align: right;\">120 g\/kg<\/p>\n<\/td>\n<td width=\"66\">\n<p style=\"text-align: right;\">12,00%<\/p>\n<\/td>\n<\/tr>\n<tr>\n<td width=\"206\">C\u00e1lcio (m\u00edn.)<\/td>\n<td width=\"103\">\n<p style=\"text-align: right;\">21 g\/kg<\/p>\n<\/td>\n<td width=\"66\">\n<p style=\"text-align: right;\">2,10%<\/p>\n<\/td>\n<\/tr>\n<tr>\n<td width=\"206\">C\u00e1lcio (m\u00e1x.)<\/td>\n<td width=\"103\">\n<p style=\"text-align: right;\">24 g\/kg<\/p>\n<\/td>\n<td width=\"66\">\n<p style=\"text-align: right;\">2,40%<\/p>\n<\/td>\n<\/tr>\n<tr>\n<td width=\"206\">F\u00f3sforo (m\u00edn.)<\/td>\n<td width=\"103\">\n<p style=\"text-align: right;\">6.000 mg\/kg<\/p>\n<\/td>\n<td width=\"66\">\n<p style=\"text-align: right;\">0,60%<\/p>\n<\/td>\n<\/tr>\n<tr>\n<td width=\"206\">Umidade (m\u00e1x.)<\/td>\n<td width=\"103\">\n<p style=\"text-align: right;\">120 g\/kg<\/p>\n<\/td>\n<td width=\"66\">\n<p style=\"text-align: right;\">12,00%<\/p>\n<\/td>\n<\/tr>\n<\/tbody>\n<\/table>\n<p><\/div><\/div><\/div><\/div><\/div><\/div><\/div><\/div><\/div><\/div><\/div><\/div><div class=\"vc_row wpb_row vc_row-fluid dt-default\" style=\"margin-top: 0px;margin-bottom: 0px\"><div class=\"wpb_column vc_column_container vc_col-sm-12\"><div class=\"vc_column-inner\"><div class=\"wpb_wrapper\">\n\t\t\t<!-- START banner_laleka_produtos REVOLUTION SLIDER 6.7.38 --><p class=\"rs-p-wp-fix\"><\/p>\n\t\t\t<rs-module-wrap id=\"rev_slider_5_1_wrapper\" data-source=\"gallery\" style=\"visibility:hidden;background:transparent;padding:0;margin:0px auto;margin-top:0;margin-bottom:0;\">\n\t\t\t\t<rs-module id=\"rev_slider_5_1\" style=\"\" data-version=\"6.7.38\">\n\t\t\t\t\t<rs-slides style=\"overflow: hidden; position: absolute;\">\n\t\t\t\t\t\t<rs-slide style=\"position: absolute;\" data-key=\"rs-51\" data-title=\"Laleka Ra\u00e7as Pequenas\" data-thumb=\"\/\/www.multipetalimentos.com.br\/wp-content\/uploads\/2017\/08\/bg_inferior-100x50.jpg\" data-anim=\"adpr:false;\" data-in=\"o:0;\" data-out=\"a:false;\">\n\t\t\t\t\t\t\t<img decoding=\"async\" src=\"\/\/www.multipetalimentos.com.br\/wp-content\/plugins\/revslider\/sr6\/assets\/assets\/dummy.png\" alt=\"\" title=\"Laleka Adulto\" class=\"rev-slidebg tp-rs-img rs-lazyload\" data-lazyload=\"\/\/www.multipetalimentos.com.br\/wp-content\/uploads\/2017\/08\/bg_inferior.jpg\" data-no-retina>\n<!---->\t\t\t\t\t<\/rs-slide>\n\t\t\t\t\t\t<rs-slide style=\"position: absolute;\" data-key=\"rs-52\" data-title=\"Laleka Filhotes\" data-thumb=\"\/\/www.multipetalimentos.com.br\/wp-content\/uploads\/2017\/08\/bg_inferior-100x50.jpg\" data-anim=\"adpr:false;\">\n\t\t\t\t\t\t\t<img decoding=\"async\" src=\"\/\/www.multipetalimentos.com.br\/wp-content\/plugins\/revslider\/sr6\/assets\/assets\/dummy.png\" alt=\"\" title=\"Laleka Adulto\" class=\"rev-slidebg tp-rs-img rs-lazyload\" data-lazyload=\"\/\/www.multipetalimentos.com.br\/wp-content\/uploads\/2017\/08\/bg_inferior.jpg\" data-no-retina>\n<!--\n\t\t\t\t\t\t\t--><rs-layer\n\t\t\t\t\t\t\t\tid=\"slider-5-slide-52-layer-1\" \n\t\t\t\t\t\t\t\tdata-type=\"text\"\n\t\t\t\t\t\t\t\tdata-rsp_ch=\"on\"\n\t\t\t\t\t\t\t\tdata-xy=\"x:l,l,l,c;xo:401px,103px,118px,-86px;y:m;yo:-74px,-66px,-54px,-50px;\"\n\t\t\t\t\t\t\t\tdata-text=\"s:36;l:36;fw:600;a:inherit;\"\n\t\t\t\t\t\t\t\tdata-frame_0=\"tp:600;\"\n\t\t\t\t\t\t\t\tdata-frame_1=\"tp:600;sp:1000;sR:10;\"\n\t\t\t\t\t\t\t\tdata-frame_999=\"o:0;tp:600;st:w;sR:7990;\"\n\t\t\t\t\t\t\t\tstyle=\"z-index:5;font-family:'Source Sans Pro';\"\n\t\t\t\t\t\t\t>Laleka Filhotes \n\t\t\t\t\t\t\t<\/rs-layer><!--\n\n\t\t\t\t\t\t\t--><rs-layer\n\t\t\t\t\t\t\t\tid=\"slider-5-slide-52-layer-2\" \n\t\t\t\t\t\t\t\tclass=\"rev-btn\"\n\t\t\t\t\t\t\t\tdata-type=\"button\"\n\t\t\t\t\t\t\t\tdata-color=\"rgba(255,255,255,1)\"\n\t\t\t\t\t\t\t\tdata-xy=\"xo:401px,101px,117px,48px;yo:205px,204px,211px,193px;\"\n\t\t\t\t\t\t\t\tdata-text=\"s:17;l:17;fw:700;a:inherit;\"\n\t\t\t\t\t\t\t\tdata-rsp_bd=\"off\"\n\t\t\t\t\t\t\t\tdata-padding=\"t:12;r:35;b:12;l:35;\"\n\t\t\t\t\t\t\t\tdata-border=\"bos:solid;boc:#ffffff;bow:1px,1px,1px,1px;bor:30px,30px,30px,30px;\"\n\t\t\t\t\t\t\t\tdata-frame_0=\"y:-100%;o:1;tp:600;\"\n\t\t\t\t\t\t\t\tdata-frame_0_mask=\"u:t;\"\n\t\t\t\t\t\t\t\tdata-frame_1=\"tp:600;st:870;sp:1000;sR:870;\"\n\t\t\t\t\t\t\t\tdata-frame_1_mask=\"u:t;\"\n\t\t\t\t\t\t\t\tdata-frame_999=\"o:0;tp:600;st:w;sR:7130;\"\n\t\t\t\t\t\t\t\tdata-frame_hover=\"bgc:#15bfe6;boc:#000;bor:30px,30px,30px,30px;bos:solid;bow:0,0,0,0;oX:50;oY:50;sp:0;e:none;\"\n\t\t\t\t\t\t\t\tstyle=\"z-index:6;background-color:rgba(53,128,196,0);font-family:'Source Sans Pro';cursor:pointer;outline:none;box-shadow:none;box-sizing:border-box;-moz-box-sizing:border-box;-webkit-box-sizing:border-box;\"\n\t\t\t\t\t\t\t>SAIBA MAIS \n\t\t\t\t\t\t\t<\/rs-layer><!--\n\n\t\t\t\t\t\t\t--><rs-layer\n\t\t\t\t\t\t\t\tid=\"slider-5-slide-52-layer-3\" \n\t\t\t\t\t\t\t\tdata-type=\"text\"\n\t\t\t\t\t\t\t\tdata-rsp_ch=\"on\"\n\t\t\t\t\t\t\t\tdata-xy=\"x:l,l,l,c;xo:401px,102px,118px,-98px;yo:126px,127px,137px,140px;\"\n\t\t\t\t\t\t\t\tdata-text=\"l:28,28,28,16;fw:300;a:inherit;\"\n\t\t\t\t\t\t\t\tdata-frame_0=\"y:-100%;o:1;tp:600;\"\n\t\t\t\t\t\t\t\tdata-frame_0_mask=\"u:t;\"\n\t\t\t\t\t\t\t\tdata-frame_1=\"tp:600;st:130;sp:1500;sR:130;\"\n\t\t\t\t\t\t\t\tdata-frame_1_mask=\"u:t;\"\n\t\t\t\t\t\t\t\tdata-frame_999=\"o:0;tp:600;st:w;sR:7370;\"\n\t\t\t\t\t\t\t\tstyle=\"z-index:7;font-family:'Source Sans Pro';\"\n\t\t\t\t\t\t\t>Atende a todas as exig\u00eancias nutricionais<br> de c\u00e3es em crescimento de todas as ra\u00e7as. \n\t\t\t\t\t\t\t<\/rs-layer><!--\n\n\t\t\t\t\t\t\t--><rs-layer\n\t\t\t\t\t\t\t\tid=\"slider-5-slide-52-layer-12\" \n\t\t\t\t\t\t\t\tdata-type=\"image\"\n\t\t\t\t\t\t\t\tdata-rsp_ch=\"on\"\n\t\t\t\t\t\t\t\tdata-xy=\"xo:821px,562px,802px,802px;y:m;yo:0,0,-7px,-7px;\"\n\t\t\t\t\t\t\t\tdata-text=\"l:22;a:inherit;\"\n\t\t\t\t\t\t\t\tdata-dim=\"w:[&#039;251px&#039;,&#039;251px&#039;,&#039;251px&#039;,&#039;251px&#039;];h:[&#039;285px&#039;,&#039;285px&#039;,&#039;285px&#039;,&#039;285px&#039;];\"\n\t\t\t\t\t\t\t\tdata-frame_0=\"x:1000%;o:1;tp:600;\"\n\t\t\t\t\t\t\t\tdata-frame_1=\"tp:600;e:power2.out;sp:2500;sR:10;\"\n\t\t\t\t\t\t\t\tdata-frame_999=\"o:0;tp:600;st:w;sR:6490;\"\n\t\t\t\t\t\t\t\tstyle=\"z-index:8;\"\n\t\t\t\t\t\t\t><img decoding=\"async\" src=\"\/\/www.multipetalimentos.com.br\/wp-content\/plugins\/revslider\/sr6\/assets\/assets\/dummy.png\" alt=\"\" class=\"tp-rs-img rs-lazyload\" width=\"750\" height=\"850\" data-lazyload=\"\/\/www.multipetalimentos.com.br\/wp-content\/uploads\/2018\/11\/Laleka-Filhote.png\" data-no-retina> \n\t\t\t\t\t\t\t<\/rs-layer><!--\n\n\t\t\t\t\t\t\t--><rs-layer\n\t\t\t\t\t\t\t\tid=\"slider-5-slide-52-layer-13\" \n\t\t\t\t\t\t\t\tdata-type=\"image\"\n\t\t\t\t\t\t\t\tdata-rsp_ch=\"on\"\n\t\t\t\t\t\t\t\tdata-xy=\"xo:950px,697px,493px,275px;y:m;yo:32px,33px,4px,5px;\"\n\t\t\t\t\t\t\t\tdata-text=\"l:22;a:inherit;\"\n\t\t\t\t\t\t\t\tdata-dim=\"w:[&#039;190px&#039;,&#039;190px&#039;,&#039;190px&#039;,&#039;190px&#039;];h:[&#039;216px&#039;,&#039;216px&#039;,&#039;216px&#039;,&#039;216px&#039;];\"\n\t\t\t\t\t\t\t\tdata-frame_0=\"x:1000%;o:1;tp:600;\"\n\t\t\t\t\t\t\t\tdata-frame_1=\"tp:600;e:power2.out;st:360;sp:2500;sR:360;\"\n\t\t\t\t\t\t\t\tdata-frame_999=\"o:0;tp:600;st:w;sR:6140;\"\n\t\t\t\t\t\t\t\tstyle=\"z-index:9;\"\n\t\t\t\t\t\t\t><img decoding=\"async\" src=\"\/\/www.multipetalimentos.com.br\/wp-content\/plugins\/revslider\/sr6\/assets\/assets\/dummy.png\" alt=\"\" class=\"tp-rs-img rs-lazyload\" width=\"750\" height=\"850\" data-lazyload=\"\/\/www.multipetalimentos.com.br\/wp-content\/uploads\/2018\/11\/Laleka-Filhote.png\" data-no-retina> \n\t\t\t\t\t\t\t<\/rs-layer><!--\n-->\t\t\t\t\t<\/rs-slide>\n\t\t\t\t\t<\/rs-slides>\n\t\t\t\t<\/rs-module>\n\t\t\t\t<script>\n\t\t\t\t\tsetREVStartSize({c: 'rev_slider_5_1',rl:[1240,1024,778,480],el:[335,290,200,250],gw:[1600,1024,778,480],gh:[335,290,200,250],type:'standard',justify:'',layout:'fullwidth',mh:\"0\"});if (window.RS_MODULES!==undefined && window.RS_MODULES.modules!==undefined && window.RS_MODULES.modules[\"revslider51\"]!==undefined) {window.RS_MODULES.modules[\"revslider51\"].once = false;window.revapi5 = undefined;if (window.RS_MODULES.checkMinimal!==undefined) window.RS_MODULES.checkMinimal()}\n\t\t\t\t<\/script>\n\t\t\t<\/rs-module-wrap>\n\t\t\t<!-- END REVOLUTION SLIDER -->\n<\/div><\/div><\/div><\/div><div class=\"vc_row wpb_row vc_row-fluid dt-default\" style=\"margin-top: 70px;margin-bottom: 0px\"><div class=\"wpb_column vc_column_container vc_col-sm-5 vc_hidden-sm vc_hidden-xs\"><div class=\"vc_column-inner vc_custom_1503020345323\"><div class=\"wpb_wrapper\">\n\t<div class=\"wpb_raw_code wpb_content_element wpb_raw_html vc_custom_1541736761299\" >\n\t\t<div class=\"wpb_wrapper\">\n\t\t\t<p style=\"text-align: left;\"><iframe loading=\"lazy\" style=\"border: none; overflow: hidden;\" src=\"https:\/\/www.facebook.com\/plugins\/page.php?href=https%3A%2F%2Fwww.facebook.com%2Fmultipetalimentos&amp;tabs&amp;width=450&amp;height=214&amp;small_header=false&amp;adapt_container_width=true&amp;hide_cover=false&amp;show_facepile=true&amp;appId\" width=\"450\" height=\"180\" frameborder=\"0\" scrolling=\"no\"><\/iframe><\/p>\n\t\t<\/div>\n\t<\/div>\n<\/div><\/div><\/div><div class=\"wpb_column vc_column_container vc_col-sm-2\"><div class=\"vc_column-inner\"><div class=\"wpb_wrapper\"><div  class=\"vc_wp_text wpb_content_element\"><div class=\"widget widget_text\">\t\t\t<div class=\"textwidget\"><\/p>\n<p style=\"text-align: left;\"><a href=\"https:\/\/www.multipetalimentos.com.br\"><img loading=\"lazy\" decoding=\"async\" class=\"aligncenter\" src=\"https:\/\/www.multipetalimentos.com.br\/wp-content\/uploads\/2017\/08\/logo_multipet-05-05.svg\" width=\"130\" height=\"200\" \/><\/a><\/p>\n<p>\n<\/div>\n\t\t<\/div><\/div><\/div><\/div><\/div><div class=\"wpb_column vc_column_container vc_col-sm-5\"><div class=\"vc_column-inner\"><div class=\"wpb_wrapper\"><div class=\"vc_row wpb_row vc_inner vc_row-fluid vc_custom_1503072326905\"><div class=\"wpb_column vc_column_container vc_col-sm-4\"><div class=\"vc_column-inner\"><div class=\"wpb_wrapper\">\n\t<div  class=\"wpb_single_image wpb_content_element vc_align_center\">\n\t\t\n\t\t<figure class=\"wpb_wrapper vc_figure\">\n\t\t\t<a href=\"https:\/\/www.multipetalimentos.com.br\/produtos\/feroz\/\" target=\"_self\"  class=\"vc_single_image-wrapper   vc_box_border_grey layzr-bg\"  data-pretty-share=\"twitter,pinterest,linkedin,whatsapp\"  ><img decoding=\"async\" class=\"lazy-load vc_single_image-img \" src=\"data:image\/svg+xml;charset=utf-8,%3Csvg xmlns%3D'http%3A%2F%2Fwww.w3.org%2F2000%2Fsvg' viewBox%3D'0 0 100 38'%2F%3E\" data-src=\"https:\/\/www.multipetalimentos.com.br\/wp-content\/uploads\/2018\/11\/logo-feroz-premium-100x38.png\" width=\"100\" height=\"38\" alt=\"logo-feroz-premium\" title=\"logo-feroz-premium\" loading=\"lazy\"  data-dt-location=\"https:\/\/www.multipetalimentos.com.br\/es\/home\/logo-feroz-premium\/\" \/><\/a>\n\t\t<\/figure>\n\t<\/div>\n<\/div><\/div><\/div><div class=\"wpb_column vc_column_container vc_col-sm-4\"><div class=\"vc_column-inner\"><div class=\"wpb_wrapper\">\n\t<div  class=\"wpb_single_image wpb_content_element vc_align_center\">\n\t\t\n\t\t<figure class=\"wpb_wrapper vc_figure\">\n\t\t\t<a href=\"https:\/\/www.multipetalimentos.com.br\/produtos\/stark\/\" target=\"_self\"  class=\"vc_single_image-wrapper   vc_box_border_grey layzr-bg\"  data-pretty-share=\"twitter,pinterest,linkedin,whatsapp\"  ><img decoding=\"async\" class=\"lazy-load vc_single_image-img \" src=\"data:image\/svg+xml;charset=utf-8,%3Csvg xmlns%3D'http%3A%2F%2Fwww.w3.org%2F2000%2Fsvg' viewBox%3D'0 0 100 50'%2F%3E\" data-src=\"https:\/\/www.multipetalimentos.com.br\/wp-content\/uploads\/2018\/11\/logo-stark-pb-100x50.png\" width=\"100\" height=\"50\" alt=\"logo-stark-pb\" title=\"logo-stark-pb\" loading=\"lazy\"  data-dt-location=\"https:\/\/www.multipetalimentos.com.br\/es\/home\/logo-stark-pb\/\" \/><\/a>\n\t\t<\/figure>\n\t<\/div>\n<\/div><\/div><\/div><div class=\"wpb_column vc_column_container vc_col-sm-4\"><div class=\"vc_column-inner\"><div class=\"wpb_wrapper\">\n\t<div  class=\"wpb_single_image wpb_content_element vc_align_center\">\n\t\t\n\t\t<figure class=\"wpb_wrapper vc_figure\">\n\t\t\t<a href=\"https:\/\/www.multipetalimentos.com.br\/produtos\/laleka\/\" target=\"_self\"  class=\"vc_single_image-wrapper   vc_box_border_grey layzr-bg\"  data-pretty-share=\"twitter,pinterest,linkedin,whatsapp\"  ><img decoding=\"async\" class=\"lazy-load vc_single_image-img \" src=\"data:image\/svg+xml;charset=utf-8,%3Csvg xmlns%3D'http%3A%2F%2Fwww.w3.org%2F2000%2Fsvg' viewBox%3D'0 0 100 49'%2F%3E\" data-src=\"https:\/\/www.multipetalimentos.com.br\/wp-content\/uploads\/2017\/08\/Logo-Laleka-pb-100x49.png\" width=\"100\" height=\"49\" alt=\"Logo-Laleka-pb\" title=\"Logo-Laleka-pb\" loading=\"lazy\"  data-dt-location=\"https:\/\/www.multipetalimentos.com.br\/es\/produtos\/feroz\/feroz-premium-original\/logo-laleka-pb\/\" \/><\/a>\n\t\t<\/figure>\n\t<\/div>\n<\/div><\/div><\/div><\/div><\/div><\/div><\/div><\/div>\n<\/div>","protected":false},"excerpt":{"rendered":"<p>Laleka AdultoLaleka Adulto \u00e9 um alimento 100% completo e balanceado com vitaminas e sais minerais que atuam no sistema imunol\u00f3gico garantindo uma vida saud\u00e1vel. Atende a todas as exig\u00eancias nutricionais de c\u00e3es adultos. Completo para C\u00e3es Adultos Alta energia Vitaminas e Sais Minerais N\u00edveis de Garantia Prote\u00edna Bruta (m\u00edn.) 180 g\/kg 18,00% Extrato Et\u00e9reo (m\u00edn.)&hellip;<\/p>","protected":false},"author":1,"featured_media":9641,"parent":181,"menu_order":1,"comment_status":"closed","ping_status":"closed","template":"","meta":{"footnotes":""},"class_list":["post-707","page","type-page","status-publish","has-post-thumbnail","hentry","description-off"],"_links":{"self":[{"href":"https:\/\/www.multipetalimentos.com.br\/es\/wp-json\/wp\/v2\/pages\/707","targetHints":{"allow":["GET"]}}],"collection":[{"href":"https:\/\/www.multipetalimentos.com.br\/es\/wp-json\/wp\/v2\/pages"}],"about":[{"href":"https:\/\/www.multipetalimentos.com.br\/es\/wp-json\/wp\/v2\/types\/page"}],"author":[{"embeddable":true,"href":"https:\/\/www.multipetalimentos.com.br\/es\/wp-json\/wp\/v2\/users\/1"}],"replies":[{"embeddable":true,"href":"https:\/\/www.multipetalimentos.com.br\/es\/wp-json\/wp\/v2\/comments?post=707"}],"version-history":[{"count":0,"href":"https:\/\/www.multipetalimentos.com.br\/es\/wp-json\/wp\/v2\/pages\/707\/revisions"}],"up":[{"embeddable":true,"href":"https:\/\/www.multipetalimentos.com.br\/es\/wp-json\/wp\/v2\/pages\/181"}],"wp:featuredmedia":[{"embeddable":true,"href":"https:\/\/www.multipetalimentos.com.br\/es\/wp-json\/wp\/v2\/media\/9641"}],"wp:attachment":[{"href":"https:\/\/www.multipetalimentos.com.br\/es\/wp-json\/wp\/v2\/media?parent=707"}],"curies":[{"name":"wp","href":"https:\/\/api.w.org\/{rel}","templated":true}]}}