{"id":181,"date":"2017-08-14T15:09:07","date_gmt":"2017-08-14T18:09:07","guid":{"rendered":"https:\/\/www.multipetalimentos.com.br\/?page_id=181"},"modified":"2026-03-27T11:27:34","modified_gmt":"2026-03-27T14:27:34","slug":"laleka","status":"publish","type":"page","link":"https:\/\/www.multipetalimentos.com.br\/es\/produtos\/laleka\/","title":{"rendered":"Laleka"},"content":{"rendered":"<div class=\"wpb-content-wrapper\"><div class=\"vc_row wpb_row vc_row-fluid full-width-wrap dt-default\" style=\"padding-left: 0px;padding-right: 0px;margin-top: -70px;margin-bottom: 30px\"><div class=\"wpb_column vc_column_container vc_col-sm-12\"><div class=\"vc_column-inner\"><div class=\"wpb_wrapper\">\n\t<div  class=\"wpb_single_image wpb_content_element vc_align_center\">\n\t\t\n\t\t<figure class=\"wpb_wrapper vc_figure\">\n\t\t\t<div class=\"vc_single_image-wrapper   vc_box_border_grey\"><img loading=\"lazy\" decoding=\"async\" width=\"3789\" height=\"1112\" src=\"https:\/\/www.multipetalimentos.com.br\/wp-content\/uploads\/2024\/10\/CAPA-SITE-LALEKA.png\" class=\"vc_single_image-img attachment-full\" alt=\"\" title=\"CAPA SITE LALEKA\" srcset=\"https:\/\/www.multipetalimentos.com.br\/wp-content\/uploads\/2024\/10\/CAPA-SITE-LALEKA.png 3789w, https:\/\/www.multipetalimentos.com.br\/wp-content\/uploads\/2024\/10\/CAPA-SITE-LALEKA-300x88.png 300w, https:\/\/www.multipetalimentos.com.br\/wp-content\/uploads\/2024\/10\/CAPA-SITE-LALEKA-1024x301.png 1024w, https:\/\/www.multipetalimentos.com.br\/wp-content\/uploads\/2024\/10\/CAPA-SITE-LALEKA-768x225.png 768w, https:\/\/www.multipetalimentos.com.br\/wp-content\/uploads\/2024\/10\/CAPA-SITE-LALEKA-1536x451.png 1536w, https:\/\/www.multipetalimentos.com.br\/wp-content\/uploads\/2024\/10\/CAPA-SITE-LALEKA-2048x601.png 2048w, https:\/\/www.multipetalimentos.com.br\/wp-content\/uploads\/2024\/10\/CAPA-SITE-LALEKA-18x5.png 18w\" sizes=\"auto, (max-width: 3789px) 100vw, 3789px\"  data-dt-location=\"https:\/\/www.multipetalimentos.com.br\/es\/produtos\/laleka\/capa-site-laleka\/\" \/><\/div>\n\t\t<\/figure>\n\t<\/div>\n<\/div><\/div><\/div><\/div><div class=\"vc_row wpb_row vc_row-fluid wpb_animate_when_almost_visible wpb_fadeIn fadeIn vc_custom_1502981380728\"><div class=\"wpb_column vc_column_container vc_col-sm-4\"><div class=\"vc_column-inner\"><div class=\"wpb_wrapper\">\n\t<div  class=\"wpb_single_image wpb_content_element vc_align_center\">\n\t\t\n\t\t<figure class=\"wpb_wrapper vc_figure\">\n\t\t\t<a href=\"https:\/\/www.multipetalimentos.com.br\/produtos\/laleka\/laleka-adulto\/\" target=\"_self\"  class=\"vc_single_image-wrapper   vc_box_border_grey\"  data-pretty-share=\"twitter,pinterest,linkedin,whatsapp\"  ><img decoding=\"async\" class=\"vc_single_image-img \" src=\"https:\/\/www.multipetalimentos.com.br\/wp-content\/uploads\/2026\/03\/LALEKA-NOVA-ADULTO-225x255.png\" width=\"225\" height=\"255\" alt=\"LALEKA-NOVA-ADULTO\" title=\"LALEKA-NOVA-ADULTO\" loading=\"lazy\"  data-dt-location=\"https:\/\/www.multipetalimentos.com.br\/es\/produtos\/laleka\/laleka-nova-adulto\/\" \/><\/a>\n\t\t<\/figure>\n\t<\/div>\n<div id=\"ultimate-heading-34669fc6462f0987\" class=\"uvc-heading ult-adjust-bottom-margin ultimate-heading-34669fc6462f0987 uvc-1732 \" data-hspacer=\"no_spacer\"  data-halign=\"center\" style=\"text-align:center\"><div class=\"uvc-heading-spacer no_spacer\" style=\"top\"><\/div><div class=\"uvc-main-heading ult-responsive\"  data-ultimate-target='.uvc-heading.ultimate-heading-34669fc6462f0987 h3'  data-responsive-json-new='{\"font-size\":\"desktop:26px;\",\"line-height\":\"\"}' ><h3 style=\"font-family:&#039;Source Sans Pro&#039;;font-weight:600;margin-top:-40px;margin-bottom:10px;\">Laleka C\u00e3es Adulto<\/h3><\/div><div class=\"uvc-sub-heading ult-responsive\"  data-ultimate-target='.uvc-heading.ultimate-heading-34669fc6462f0987 .uvc-sub-heading '  data-responsive-json-new='{\"font-size\":\"desktop:16px;\",\"line-height\":\"\"}'  style=\"font-weight:normal;margin-bottom:20px;\">Alimento completo para c\u00e3es adultos de todas as ra\u00e7as<\/div><\/div><style type=\"text\/css\" data-type=\"the7_shortcodes-inline-css\">#default-btn-6a9b7b75b9a5597f5a1b59a8b65420d7.ico-right-side > i {\n  margin-right: 0px;\n  margin-left: 8px;\n}\n#default-btn-6a9b7b75b9a5597f5a1b59a8b65420d7 > i {\n  margin-right: 8px;\n}<\/style><div class=\"btn-align-center\"><a href=\"https:\/\/www.multipetalimentos.com.br\/produtos\/laleka\/laleka-adulto\/\" class=\"default-btn-shortcode dt-btn dt-btn-s fadeInDown animate-element animation-builder link-hover-off  vc_custom_1541745722253\" id=\"default-btn-6a9b7b75b9a5597f5a1b59a8b65420d7\" style=\"width:136px;\"><span>SAIBA MAIS<\/span><\/a><\/div><\/div><\/div><\/div><div class=\"wpb_column vc_column_container vc_col-sm-4\"><div class=\"vc_column-inner\"><div class=\"wpb_wrapper\">\n\t<div  class=\"wpb_single_image wpb_content_element vc_align_center\">\n\t\t\n\t\t<figure class=\"wpb_wrapper vc_figure\">\n\t\t\t<a href=\"https:\/\/www.multipetalimentos.com.br\/produtos\/laleka\/laleka-gatos-blend\/\" target=\"_self\"  class=\"vc_single_image-wrapper   vc_box_border_grey\"  data-pretty-share=\"twitter,pinterest,linkedin,whatsapp\"  ><img decoding=\"async\" class=\"vc_single_image-img \" src=\"https:\/\/www.multipetalimentos.com.br\/wp-content\/uploads\/2018\/11\/Laleka-Gatos-Blend-225x255.png\" width=\"225\" height=\"255\" alt=\"Laleka-Gatos-Blend\" title=\"Laleka-Gatos-Blend\" loading=\"lazy\"  data-dt-location=\"https:\/\/www.multipetalimentos.com.br\/es\/laleka-gatos-blend-2\/\" \/><\/a>\n\t\t<\/figure>\n\t<\/div>\n<div id=\"ultimate-heading-782769fc6462f2339\" class=\"uvc-heading ult-adjust-bottom-margin ultimate-heading-782769fc6462f2339 uvc-6160 \" data-hspacer=\"no_spacer\"  data-halign=\"center\" style=\"text-align:center\"><div class=\"uvc-heading-spacer no_spacer\" style=\"top\"><\/div><div class=\"uvc-main-heading ult-responsive\"  data-ultimate-target='.uvc-heading.ultimate-heading-782769fc6462f2339 h3'  data-responsive-json-new='{\"font-size\":\"desktop:26px;\",\"line-height\":\"\"}' ><h3 style=\"font-family:&#039;Source Sans Pro&#039;;font-weight:600;margin-top:-40px;margin-bottom:10px;\">Laleka Gatos Blend<\/h3><\/div><div class=\"uvc-sub-heading ult-responsive\"  data-ultimate-target='.uvc-heading.ultimate-heading-782769fc6462f2339 .uvc-sub-heading '  data-responsive-json-new='{\"font-size\":\"desktop:16px;\",\"line-height\":\"\"}'  style=\"font-weight:normal;margin-bottom:20px;\">Atende a todas as exig\u00eancias nutricionais de gatos adultos.<\/div><\/div><style type=\"text\/css\" data-type=\"the7_shortcodes-inline-css\">#default-btn-030807d34cfdb8749b2633eca5bae0a2.ico-right-side > i {\n  margin-right: 0px;\n  margin-left: 8px;\n}\n#default-btn-030807d34cfdb8749b2633eca5bae0a2 > i {\n  margin-right: 8px;\n}<\/style><div class=\"btn-align-center\"><a href=\"https:\/\/www.multipetalimentos.com.br\/produtos\/laleka\/laleka-gatos-blend\/\" class=\"default-btn-shortcode dt-btn dt-btn-s fadeInDown animate-element animation-builder link-hover-off  vc_custom_1541745790383\" id=\"default-btn-030807d34cfdb8749b2633eca5bae0a2\" style=\"width:136px;\"><span>SAIBA MAIS<\/span><\/a><\/div><\/div><\/div><\/div><div class=\"wpb_column vc_column_container vc_col-sm-4\"><div class=\"vc_column-inner\"><div class=\"wpb_wrapper\">\n\t<div  class=\"wpb_single_image wpb_content_element vc_align_center\">\n\t\t\n\t\t<figure class=\"wpb_wrapper vc_figure\">\n\t\t\t<a href=\"https:\/\/www.multipetalimentos.com.br\/produtos\/laleka\/laleka-gatos-plus\/\" target=\"_self\"  class=\"vc_single_image-wrapper   vc_box_border_grey\"  data-pretty-share=\"twitter,pinterest,linkedin,whatsapp\"  ><img decoding=\"async\" class=\"vc_single_image-img \" src=\"https:\/\/www.multipetalimentos.com.br\/wp-content\/uploads\/2021\/03\/laleka-plus-2-225x255.png\" width=\"225\" height=\"255\" alt=\"laleka-plus-2\" title=\"laleka-plus-2\" loading=\"lazy\"  data-dt-location=\"https:\/\/www.multipetalimentos.com.br\/es\/produtos\/laleka\/laleka-plus-2\/\" \/><\/a>\n\t\t<\/figure>\n\t<\/div>\n<div id=\"ultimate-heading-174469fc6462f3889\" class=\"uvc-heading ult-adjust-bottom-margin ultimate-heading-174469fc6462f3889 uvc-8348 \" data-hspacer=\"no_spacer\"  data-halign=\"center\" style=\"text-align:center\"><div class=\"uvc-heading-spacer no_spacer\" style=\"top\"><\/div><div class=\"uvc-main-heading ult-responsive\"  data-ultimate-target='.uvc-heading.ultimate-heading-174469fc6462f3889 h3'  data-responsive-json-new='{\"font-size\":\"desktop:26px;\",\"line-height\":\"\"}' ><h3 style=\"font-family:&#039;Source Sans Pro&#039;;font-weight:600;margin-top:-40px;margin-bottom:10px;\">Laleka Gatos Plus<\/h3><\/div><div class=\"uvc-sub-heading ult-responsive\"  data-ultimate-target='.uvc-heading.ultimate-heading-174469fc6462f3889 .uvc-sub-heading '  data-responsive-json-new='{\"font-size\":\"\",\"line-height\":\"\"}'  style=\"font-weight:normal;margin-bottom:20px;\">Atende a todas as exig\u00eancias nutricionais de gatos adultos. F\u00f3rmula livre de corantes.<\/div><\/div><style type=\"text\/css\" data-type=\"the7_shortcodes-inline-css\">#default-btn-2ed222c271bcfede67d56f8151c1dc4e.ico-right-side > i {\n  margin-right: 0px;\n  margin-left: 8px;\n}\n#default-btn-2ed222c271bcfede67d56f8151c1dc4e > i {\n  margin-right: 8px;\n}<\/style><div class=\"btn-align-center\"><a href=\"https:\/\/www.multipetalimentos.com.br\/produtos\/laleka\/laleka-gatos-plus\/\" class=\"default-btn-shortcode dt-btn dt-btn-s link-hover-off \" id=\"default-btn-2ed222c271bcfede67d56f8151c1dc4e\" style=\"width:136px;\" title=\"Laleka Gatos Plus\"><span>Saiba Mais<\/span><\/a><\/div><\/div><\/div><\/div><\/div><div class=\"vc_row wpb_row vc_row-fluid dt-default\" style=\"margin-top: 60px;margin-bottom: 0px\"><div class=\"wpb_column vc_column_container vc_col-sm-12\"><div class=\"vc_column-inner\"><div class=\"wpb_wrapper\">\n\t\t\t<!-- START banner_laleka_produtos REVOLUTION SLIDER 6.7.38 --><p class=\"rs-p-wp-fix\"><\/p>\n\t\t\t<rs-module-wrap id=\"rev_slider_5_1_wrapper\" data-source=\"gallery\" style=\"visibility:hidden;background:transparent;padding:0;margin:0px auto;margin-top:0;margin-bottom:0;\">\n\t\t\t\t<rs-module id=\"rev_slider_5_1\" style=\"\" data-version=\"6.7.38\">\n\t\t\t\t\t<rs-slides style=\"overflow: hidden; position: absolute;\">\n\t\t\t\t\t\t<rs-slide style=\"position: absolute;\" data-key=\"rs-51\" data-title=\"Laleka Ra\u00e7as Pequenas\" data-thumb=\"\/\/www.multipetalimentos.com.br\/wp-content\/uploads\/2017\/08\/bg_inferior-100x50.jpg\" data-anim=\"adpr:false;\" data-in=\"o:0;\" data-out=\"a:false;\">\n\t\t\t\t\t\t\t<img decoding=\"async\" src=\"\/\/www.multipetalimentos.com.br\/wp-content\/plugins\/revslider\/sr6\/assets\/assets\/dummy.png\" alt=\"\" title=\"Laleka\" class=\"rev-slidebg tp-rs-img rs-lazyload\" data-lazyload=\"\/\/www.multipetalimentos.com.br\/wp-content\/uploads\/2017\/08\/bg_inferior.jpg\" data-no-retina>\n<!---->\t\t\t\t\t<\/rs-slide>\n\t\t\t\t\t\t<rs-slide style=\"position: absolute;\" data-key=\"rs-52\" data-title=\"Laleka Filhotes\" data-thumb=\"\/\/www.multipetalimentos.com.br\/wp-content\/uploads\/2017\/08\/bg_inferior-100x50.jpg\" data-anim=\"adpr:false;\">\n\t\t\t\t\t\t\t<img decoding=\"async\" src=\"\/\/www.multipetalimentos.com.br\/wp-content\/plugins\/revslider\/sr6\/assets\/assets\/dummy.png\" alt=\"\" title=\"Laleka\" class=\"rev-slidebg tp-rs-img rs-lazyload\" data-lazyload=\"\/\/www.multipetalimentos.com.br\/wp-content\/uploads\/2017\/08\/bg_inferior.jpg\" data-no-retina>\n<!--\n\t\t\t\t\t\t\t--><rs-layer\n\t\t\t\t\t\t\t\tid=\"slider-5-slide-52-layer-1\" \n\t\t\t\t\t\t\t\tdata-type=\"text\"\n\t\t\t\t\t\t\t\tdata-rsp_ch=\"on\"\n\t\t\t\t\t\t\t\tdata-xy=\"x:l,l,l,c;xo:401px,103px,118px,-86px;y:m;yo:-74px,-66px,-54px,-50px;\"\n\t\t\t\t\t\t\t\tdata-text=\"s:36;l:36;fw:600;a:inherit;\"\n\t\t\t\t\t\t\t\tdata-frame_0=\"tp:600;\"\n\t\t\t\t\t\t\t\tdata-frame_1=\"tp:600;sp:1000;sR:10;\"\n\t\t\t\t\t\t\t\tdata-frame_999=\"o:0;tp:600;st:w;sR:7990;\"\n\t\t\t\t\t\t\t\tstyle=\"z-index:5;font-family:'Source Sans Pro';\"\n\t\t\t\t\t\t\t>Laleka Filhotes \n\t\t\t\t\t\t\t<\/rs-layer><!--\n\n\t\t\t\t\t\t\t--><rs-layer\n\t\t\t\t\t\t\t\tid=\"slider-5-slide-52-layer-2\" \n\t\t\t\t\t\t\t\tclass=\"rev-btn\"\n\t\t\t\t\t\t\t\tdata-type=\"button\"\n\t\t\t\t\t\t\t\tdata-color=\"rgba(255,255,255,1)\"\n\t\t\t\t\t\t\t\tdata-xy=\"xo:401px,101px,117px,48px;yo:205px,204px,211px,193px;\"\n\t\t\t\t\t\t\t\tdata-text=\"s:17;l:17;fw:700;a:inherit;\"\n\t\t\t\t\t\t\t\tdata-rsp_bd=\"off\"\n\t\t\t\t\t\t\t\tdata-padding=\"t:12;r:35;b:12;l:35;\"\n\t\t\t\t\t\t\t\tdata-border=\"bos:solid;boc:#ffffff;bow:1px,1px,1px,1px;bor:30px,30px,30px,30px;\"\n\t\t\t\t\t\t\t\tdata-frame_0=\"y:-100%;o:1;tp:600;\"\n\t\t\t\t\t\t\t\tdata-frame_0_mask=\"u:t;\"\n\t\t\t\t\t\t\t\tdata-frame_1=\"tp:600;st:870;sp:1000;sR:870;\"\n\t\t\t\t\t\t\t\tdata-frame_1_mask=\"u:t;\"\n\t\t\t\t\t\t\t\tdata-frame_999=\"o:0;tp:600;st:w;sR:7130;\"\n\t\t\t\t\t\t\t\tdata-frame_hover=\"bgc:#15bfe6;boc:#000;bor:30px,30px,30px,30px;bos:solid;bow:0,0,0,0;oX:50;oY:50;sp:0;e:none;\"\n\t\t\t\t\t\t\t\tstyle=\"z-index:6;background-color:rgba(53,128,196,0);font-family:'Source Sans Pro';cursor:pointer;outline:none;box-shadow:none;box-sizing:border-box;-moz-box-sizing:border-box;-webkit-box-sizing:border-box;\"\n\t\t\t\t\t\t\t>SAIBA MAIS \n\t\t\t\t\t\t\t<\/rs-layer><!--\n\n\t\t\t\t\t\t\t--><rs-layer\n\t\t\t\t\t\t\t\tid=\"slider-5-slide-52-layer-3\" \n\t\t\t\t\t\t\t\tdata-type=\"text\"\n\t\t\t\t\t\t\t\tdata-rsp_ch=\"on\"\n\t\t\t\t\t\t\t\tdata-xy=\"x:l,l,l,c;xo:401px,102px,118px,-98px;yo:126px,127px,137px,140px;\"\n\t\t\t\t\t\t\t\tdata-text=\"l:28,28,28,16;fw:300;a:inherit;\"\n\t\t\t\t\t\t\t\tdata-frame_0=\"y:-100%;o:1;tp:600;\"\n\t\t\t\t\t\t\t\tdata-frame_0_mask=\"u:t;\"\n\t\t\t\t\t\t\t\tdata-frame_1=\"tp:600;st:130;sp:1500;sR:130;\"\n\t\t\t\t\t\t\t\tdata-frame_1_mask=\"u:t;\"\n\t\t\t\t\t\t\t\tdata-frame_999=\"o:0;tp:600;st:w;sR:7370;\"\n\t\t\t\t\t\t\t\tstyle=\"z-index:7;font-family:'Source Sans Pro';\"\n\t\t\t\t\t\t\t>Atende a todas as exig\u00eancias nutricionais<br> de c\u00e3es em crescimento de todas as ra\u00e7as. \n\t\t\t\t\t\t\t<\/rs-layer><!--\n\n\t\t\t\t\t\t\t--><rs-layer\n\t\t\t\t\t\t\t\tid=\"slider-5-slide-52-layer-12\" \n\t\t\t\t\t\t\t\tdata-type=\"image\"\n\t\t\t\t\t\t\t\tdata-rsp_ch=\"on\"\n\t\t\t\t\t\t\t\tdata-xy=\"xo:821px,562px,802px,802px;y:m;yo:0,0,-7px,-7px;\"\n\t\t\t\t\t\t\t\tdata-text=\"l:22;a:inherit;\"\n\t\t\t\t\t\t\t\tdata-dim=\"w:[&#039;251px&#039;,&#039;251px&#039;,&#039;251px&#039;,&#039;251px&#039;];h:[&#039;285px&#039;,&#039;285px&#039;,&#039;285px&#039;,&#039;285px&#039;];\"\n\t\t\t\t\t\t\t\tdata-frame_0=\"x:1000%;o:1;tp:600;\"\n\t\t\t\t\t\t\t\tdata-frame_1=\"tp:600;e:power2.out;sp:2500;sR:10;\"\n\t\t\t\t\t\t\t\tdata-frame_999=\"o:0;tp:600;st:w;sR:6490;\"\n\t\t\t\t\t\t\t\tstyle=\"z-index:8;\"\n\t\t\t\t\t\t\t><img decoding=\"async\" src=\"\/\/www.multipetalimentos.com.br\/wp-content\/plugins\/revslider\/sr6\/assets\/assets\/dummy.png\" alt=\"\" class=\"tp-rs-img rs-lazyload\" width=\"750\" height=\"850\" data-lazyload=\"\/\/www.multipetalimentos.com.br\/wp-content\/uploads\/2018\/11\/Laleka-Filhote.png\" data-no-retina> \n\t\t\t\t\t\t\t<\/rs-layer><!--\n\n\t\t\t\t\t\t\t--><rs-layer\n\t\t\t\t\t\t\t\tid=\"slider-5-slide-52-layer-13\" \n\t\t\t\t\t\t\t\tdata-type=\"image\"\n\t\t\t\t\t\t\t\tdata-rsp_ch=\"on\"\n\t\t\t\t\t\t\t\tdata-xy=\"xo:950px,697px,493px,275px;y:m;yo:32px,33px,4px,5px;\"\n\t\t\t\t\t\t\t\tdata-text=\"l:22;a:inherit;\"\n\t\t\t\t\t\t\t\tdata-dim=\"w:[&#039;190px&#039;,&#039;190px&#039;,&#039;190px&#039;,&#039;190px&#039;];h:[&#039;216px&#039;,&#039;216px&#039;,&#039;216px&#039;,&#039;216px&#039;];\"\n\t\t\t\t\t\t\t\tdata-frame_0=\"x:1000%;o:1;tp:600;\"\n\t\t\t\t\t\t\t\tdata-frame_1=\"tp:600;e:power2.out;st:360;sp:2500;sR:360;\"\n\t\t\t\t\t\t\t\tdata-frame_999=\"o:0;tp:600;st:w;sR:6140;\"\n\t\t\t\t\t\t\t\tstyle=\"z-index:9;\"\n\t\t\t\t\t\t\t><img decoding=\"async\" src=\"\/\/www.multipetalimentos.com.br\/wp-content\/plugins\/revslider\/sr6\/assets\/assets\/dummy.png\" alt=\"\" class=\"tp-rs-img rs-lazyload\" width=\"750\" height=\"850\" data-lazyload=\"\/\/www.multipetalimentos.com.br\/wp-content\/uploads\/2018\/11\/Laleka-Filhote.png\" data-no-retina> \n\t\t\t\t\t\t\t<\/rs-layer><!--\n-->\t\t\t\t\t<\/rs-slide>\n\t\t\t\t\t<\/rs-slides>\n\t\t\t\t<\/rs-module>\n\t\t\t\t<script>\n\t\t\t\t\tsetREVStartSize({c: 'rev_slider_5_1',rl:[1240,1024,778,480],el:[335,290,200,250],gw:[1600,1024,778,480],gh:[335,290,200,250],type:'standard',justify:'',layout:'fullwidth',mh:\"0\"});if (window.RS_MODULES!==undefined && window.RS_MODULES.modules!==undefined && window.RS_MODULES.modules[\"revslider51\"]!==undefined) {window.RS_MODULES.modules[\"revslider51\"].once = false;window.revapi5 = undefined;if (window.RS_MODULES.checkMinimal!==undefined) window.RS_MODULES.checkMinimal()}\n\t\t\t\t<\/script>\n\t\t\t<\/rs-module-wrap>\n\t\t\t<!-- END REVOLUTION SLIDER -->\n<\/div><\/div><\/div><\/div><div class=\"vc_row wpb_row vc_row-fluid dt-default\" style=\"margin-top: 70px;margin-bottom: 0px\"><div class=\"wpb_column vc_column_container vc_col-sm-5 vc_hidden-sm vc_hidden-xs\"><div class=\"vc_column-inner vc_custom_1503020345323\"><div class=\"wpb_wrapper\">\n\t<div class=\"wpb_raw_code wpb_content_element wpb_raw_html vc_custom_1541736761299\" >\n\t\t<div class=\"wpb_wrapper\">\n\t\t\t<p style=\"text-align: left;\"><iframe loading=\"lazy\" style=\"border: none; overflow: hidden;\" src=\"https:\/\/www.facebook.com\/plugins\/page.php?href=https%3A%2F%2Fwww.facebook.com%2Fmultipetalimentos&amp;tabs&amp;width=450&amp;height=214&amp;small_header=false&amp;adapt_container_width=true&amp;hide_cover=false&amp;show_facepile=true&amp;appId\" width=\"450\" height=\"180\" frameborder=\"0\" scrolling=\"no\"><\/iframe><\/p>\n\t\t<\/div>\n\t<\/div>\n<\/div><\/div><\/div><div class=\"wpb_column vc_column_container vc_col-sm-2\"><div class=\"vc_column-inner\"><div class=\"wpb_wrapper\"><div  class=\"vc_wp_text wpb_content_element\"><div class=\"widget widget_text\">\t\t\t<div class=\"textwidget\"><\/p>\n<p style=\"text-align: left;\"><a href=\"https:\/\/www.multipetalimentos.com.br\"><img loading=\"lazy\" decoding=\"async\" class=\"aligncenter\" src=\"https:\/\/www.multipetalimentos.com.br\/wp-content\/uploads\/2017\/08\/logo_multipet-05-05.svg\" width=\"130\" height=\"200\" \/><\/a><\/p>\n<p>\n<\/div>\n\t\t<\/div><\/div><\/div><\/div><\/div><div class=\"wpb_column vc_column_container vc_col-sm-5\"><div class=\"vc_column-inner\"><div class=\"wpb_wrapper\"><div class=\"vc_row wpb_row vc_inner vc_row-fluid vc_custom_1503072326905\"><div class=\"wpb_column vc_column_container vc_col-sm-4\"><div class=\"vc_column-inner\"><div class=\"wpb_wrapper\">\n\t<div  class=\"wpb_single_image wpb_content_element vc_align_center\">\n\t\t\n\t\t<figure class=\"wpb_wrapper vc_figure\">\n\t\t\t<a href=\"https:\/\/www.multipetalimentos.com.br\/produtos\/feroz\/\" target=\"_self\"  class=\"vc_single_image-wrapper   vc_box_border_grey layzr-bg\"  data-pretty-share=\"twitter,pinterest,linkedin,whatsapp\"  ><img decoding=\"async\" class=\"lazy-load vc_single_image-img \" src=\"data:image\/svg+xml;charset=utf-8,%3Csvg xmlns%3D'http%3A%2F%2Fwww.w3.org%2F2000%2Fsvg' viewBox%3D'0 0 100 38'%2F%3E\" data-src=\"https:\/\/www.multipetalimentos.com.br\/wp-content\/uploads\/2018\/11\/logo-feroz-premium-100x38.png\" width=\"100\" height=\"38\" alt=\"logo-feroz-premium\" title=\"logo-feroz-premium\" loading=\"lazy\"  data-dt-location=\"https:\/\/www.multipetalimentos.com.br\/es\/home\/logo-feroz-premium\/\" \/><\/a>\n\t\t<\/figure>\n\t<\/div>\n<\/div><\/div><\/div><div class=\"wpb_column vc_column_container vc_col-sm-4\"><div class=\"vc_column-inner\"><div class=\"wpb_wrapper\">\n\t<div  class=\"wpb_single_image wpb_content_element vc_align_center\">\n\t\t\n\t\t<figure class=\"wpb_wrapper vc_figure\">\n\t\t\t<a href=\"https:\/\/www.multipetalimentos.com.br\/produtos\/stark\/\" target=\"_self\"  class=\"vc_single_image-wrapper   vc_box_border_grey layzr-bg\"  data-pretty-share=\"twitter,pinterest,linkedin,whatsapp\"  ><img decoding=\"async\" class=\"lazy-load vc_single_image-img \" src=\"data:image\/svg+xml;charset=utf-8,%3Csvg xmlns%3D'http%3A%2F%2Fwww.w3.org%2F2000%2Fsvg' viewBox%3D'0 0 100 50'%2F%3E\" data-src=\"https:\/\/www.multipetalimentos.com.br\/wp-content\/uploads\/2018\/11\/logo-stark-pb-100x50.png\" width=\"100\" height=\"50\" alt=\"logo-stark-pb\" title=\"logo-stark-pb\" loading=\"lazy\"  data-dt-location=\"https:\/\/www.multipetalimentos.com.br\/es\/home\/logo-stark-pb\/\" \/><\/a>\n\t\t<\/figure>\n\t<\/div>\n<\/div><\/div><\/div><div class=\"wpb_column vc_column_container vc_col-sm-4\"><div class=\"vc_column-inner\"><div class=\"wpb_wrapper\">\n\t<div  class=\"wpb_single_image wpb_content_element vc_align_center\">\n\t\t\n\t\t<figure class=\"wpb_wrapper vc_figure\">\n\t\t\t<a href=\"https:\/\/www.multipetalimentos.com.br\/produtos\/laleka\/\" target=\"_self\"  class=\"vc_single_image-wrapper   vc_box_border_grey layzr-bg\"  data-pretty-share=\"twitter,pinterest,linkedin,whatsapp\"  ><img decoding=\"async\" class=\"lazy-load vc_single_image-img \" src=\"data:image\/svg+xml;charset=utf-8,%3Csvg xmlns%3D'http%3A%2F%2Fwww.w3.org%2F2000%2Fsvg' viewBox%3D'0 0 100 49'%2F%3E\" data-src=\"https:\/\/www.multipetalimentos.com.br\/wp-content\/uploads\/2017\/08\/Logo-Laleka-pb-100x49.png\" width=\"100\" height=\"49\" alt=\"Logo-Laleka-pb\" title=\"Logo-Laleka-pb\" loading=\"lazy\"  data-dt-location=\"https:\/\/www.multipetalimentos.com.br\/es\/produtos\/feroz\/feroz-premium-original\/logo-laleka-pb\/\" \/><\/a>\n\t\t<\/figure>\n\t<\/div>\n<\/div><\/div><\/div><\/div><\/div><\/div><\/div><\/div>\n<\/div>","protected":false},"excerpt":{"rendered":"<p>Laleka C\u00e3es AdultoAlimento completo para c\u00e3es adultos de todas as ra\u00e7as Laleka Gatos BlendAtende a todas as exig\u00eancias nutricionais de gatos adultos. Laleka Gatos PlusAtende a todas as exig\u00eancias nutricionais de gatos adultos. F\u00f3rmula livre de corantes.<\/p>","protected":false},"author":1,"featured_media":0,"parent":11,"menu_order":3,"comment_status":"closed","ping_status":"closed","template":"","meta":{"footnotes":""},"class_list":["post-181","page","type-page","status-publish","hentry","description-off"],"_links":{"self":[{"href":"https:\/\/www.multipetalimentos.com.br\/es\/wp-json\/wp\/v2\/pages\/181","targetHints":{"allow":["GET"]}}],"collection":[{"href":"https:\/\/www.multipetalimentos.com.br\/es\/wp-json\/wp\/v2\/pages"}],"about":[{"href":"https:\/\/www.multipetalimentos.com.br\/es\/wp-json\/wp\/v2\/types\/page"}],"author":[{"embeddable":true,"href":"https:\/\/www.multipetalimentos.com.br\/es\/wp-json\/wp\/v2\/users\/1"}],"replies":[{"embeddable":true,"href":"https:\/\/www.multipetalimentos.com.br\/es\/wp-json\/wp\/v2\/comments?post=181"}],"version-history":[{"count":0,"href":"https:\/\/www.multipetalimentos.com.br\/es\/wp-json\/wp\/v2\/pages\/181\/revisions"}],"up":[{"embeddable":true,"href":"https:\/\/www.multipetalimentos.com.br\/es\/wp-json\/wp\/v2\/pages\/11"}],"wp:attachment":[{"href":"https:\/\/www.multipetalimentos.com.br\/es\/wp-json\/wp\/v2\/media?parent=181"}],"curies":[{"name":"wp","href":"https:\/\/api.w.org\/{rel}","templated":true}]}}